{"id":125,"date":"2024-05-03T15:54:01","date_gmt":"2024-05-03T15:54:01","guid":{"rendered":"https:\/\/localhost\/sites\/clients\/brainstorm-wp\/?page_id=125"},"modified":"2024-05-03T15:54:01","modified_gmt":"2024-05-03T15:54:01","slug":"impressum","status":"publish","type":"page","link":"https:\/\/www.brainstormpro.net\/?page_id=125","title":{"rendered":"Impressum"},"content":{"rendered":"\n<h4 class=\"wp-block-heading\">VERANTWORTLICH F\u00dcR DEN INHALT<\/h4>\n\n\n\n<p>Brainstorm Production<br>Hirn &amp; Partner OG<br>Premreinergasse 26\/1<br>1130 Wien<br>\u00d6sterreich<\/p>\n\n\n\n<h4 class=\"wp-block-heading\">FIRMENDATEN<\/h4>\n\n\n\n<p>Bankverbindung:<br>Erste Bank<br>IBAN: AT472011128552182700<br>BIC: GIBAATWWXXX<br><br>ATU 62231267<\/p>\n\n\n\n<h4 class=\"wp-block-heading\">COPYRIGHT<\/h4>\n\n\n\n<p>Alle Fotos, Illustrationen, Texte, Audiofiles und Videos, die auf dieser Website ver\u00f6ffentlicht werden, sind urheberrechtlich gesch\u00fctzt. Ihre Verwendung ist nur mit Genehmigung der jeweiligen Urheber zul\u00e4ssig.<\/p>\n","protected":false},"excerpt":{"rendered":"<p>VERANTWORTLICH F\u00dcR DEN INHALT Brainstorm ProductionHirn &amp; Partner OGPremreinergasse 26\/11130 Wien\u00d6sterreich FIRMENDATEN Bankverbindung:Erste BankIBAN: AT472011128552182700BIC: GIBAATWWXXX ATU 62231267 COPYRIGHT Alle Fotos, Illustrationen, Texte, Audiofiles und Videos, die auf dieser Website ver\u00f6ffentlicht werden, sind urheberrechtlich gesch\u00fctzt. Ihre Verwendung ist nur mit Genehmigung der jeweiligen Urheber zul\u00e4ssig.<\/p>\n","protected":false},"author":1,"featured_media":0,"parent":0,"menu_order":0,"comment_status":"closed","ping_status":"closed","template":"","meta":{"neve_meta_sidebar":"","neve_meta_container":"","neve_meta_enable_content_width":"","neve_meta_content_width":0,"neve_meta_title_alignment":"","neve_meta_author_avatar":"","neve_post_elements_order":"","neve_meta_disable_header":"","neve_meta_disable_footer":"","neve_meta_disable_title":"","_themeisle_gutenberg_block_has_review":false,"footnotes":""},"class_list":["post-125","page","type-page","status-publish","hentry"],"_links":{"self":[{"href":"https:\/\/www.brainstormpro.net\/index.php?rest_route=\/wp\/v2\/pages\/125","targetHints":{"allow":["GET"]}}],"collection":[{"href":"https:\/\/www.brainstormpro.net\/index.php?rest_route=\/wp\/v2\/pages"}],"about":[{"href":"https:\/\/www.brainstormpro.net\/index.php?rest_route=\/wp\/v2\/types\/page"}],"author":[{"embeddable":true,"href":"https:\/\/www.brainstormpro.net\/index.php?rest_route=\/wp\/v2\/users\/1"}],"replies":[{"embeddable":true,"href":"https:\/\/www.brainstormpro.net\/index.php?rest_route=%2Fwp%2Fv2%2Fcomments&post=125"}],"version-history":[{"count":1,"href":"https:\/\/www.brainstormpro.net\/index.php?rest_route=\/wp\/v2\/pages\/125\/revisions"}],"predecessor-version":[{"id":126,"href":"https:\/\/www.brainstormpro.net\/index.php?rest_route=\/wp\/v2\/pages\/125\/revisions\/126"}],"wp:attachment":[{"href":"https:\/\/www.brainstormpro.net\/index.php?rest_route=%2Fwp%2Fv2%2Fmedia&parent=125"}],"curies":[{"name":"wp","href":"https:\/\/api.w.org\/{rel}","templated":true}]}}